{"id":20,"date":"2024-03-24T11:06:30","date_gmt":"2024-03-24T10:06:30","guid":{"rendered":"https:\/\/aikidou.cluster029.hosting.ovh.net\/?page_id=20"},"modified":"2025-09-04T13:44:06","modified_gmt":"2025-09-04T11:44:06","slug":"professeur","status":"publish","type":"page","link":"https:\/\/www.aikido-guermantes.fr\/index.php\/professeur\/","title":{"rendered":"Professeur"},"content":{"rendered":"\n<p>JM Le Masson <br>D\u00e9couvre l\u2019A\u00efkido en 2006 dans les C\u00f4tes d\u2019Armor gr\u00e2ce \u00e0 sa rencontre avec <a href=\"https:\/\/www.aikido-bretagne-dojo.com\/\" data-type=\"link\" data-id=\"https:\/\/www.aikido-bretagne-dojo.com\/\" target=\"_blank\" rel=\"noreferrer noopener\">P. Jaquet<\/a>. Aikidoka assidu du Dojo de Gr\u00e2ces (22), il devient rapidement l\u2019assistant du professeur, et suit de nombreux stages aupr\u00e8s d&rsquo;<a href=\"https:\/\/www.aikidostage.com\/\" target=\"_blank\" rel=\"noreferrer noopener\">A. Peyrache<\/a> en France et \u00e0 l\u2019\u00e9tranger pour se perfectionner (Belgique, Canada, Pays-Bas). Reprend le poste de professeur au Dojo de Pl\u00e9rin pr\u00e8s de Saint-Brieuc (22) d\u00e9but 2010 avant de d\u00e9m\u00e9nager en r\u00e9gion parisienne quelques ann\u00e9es plus tard. D\u00e9marrage Aikido Guermantes d\u00e9but 2024.<\/p>\n\n\n\n<figure class=\"wp-block-image size-full\"><img loading=\"lazy\" decoding=\"async\" width=\"336\" height=\"371\" src=\"https:\/\/aikidou.cluster029.hosting.ovh.net\/wp-content\/uploads\/2024\/03\/jm-prof-aikido.jpg\" alt=\"aikido seine et marne self defense art martial guermantes loisir activit\u00e9 \" class=\"wp-image-21\" srcset=\"https:\/\/www.aikido-guermantes.fr\/wp-content\/uploads\/2024\/03\/jm-prof-aikido.jpg 336w, https:\/\/www.aikido-guermantes.fr\/wp-content\/uploads\/2024\/03\/jm-prof-aikido-272x300.jpg 272w\" sizes=\"auto, (max-width: 336px) 100vw, 336px\" \/><\/figure>\n\n\n\n<figure class=\"wp-block-image size-full\"><img loading=\"lazy\" decoding=\"async\" width=\"868\" height=\"1024\" src=\"https:\/\/aikidou.cluster029.hosting.ovh.net\/wp-content\/uploads\/2024\/03\/Aikido-Bzh-2023-65-868x1024-1.jpg\" alt=\"\" class=\"wp-image-22\" srcset=\"https:\/\/www.aikido-guermantes.fr\/wp-content\/uploads\/2024\/03\/Aikido-Bzh-2023-65-868x1024-1.jpg 868w, https:\/\/www.aikido-guermantes.fr\/wp-content\/uploads\/2024\/03\/Aikido-Bzh-2023-65-868x1024-1-254x300.jpg 254w, https:\/\/www.aikido-guermantes.fr\/wp-content\/uploads\/2024\/03\/Aikido-Bzh-2023-65-868x1024-1-768x906.jpg 768w\" sizes=\"auto, (max-width: 868px) 100vw, 868px\" \/><figcaption class=\"wp-element-caption\">A\u00efkido Art martial japonais Self d\u00e9fense Dojo<\/figcaption><\/figure>\n","protected":false},"excerpt":{"rendered":"<p>JM Le Masson D\u00e9couvre l\u2019A\u00efkido en 2006 dans les C\u00f4tes d\u2019Armor gr\u00e2ce \u00e0 sa rencontre avec P. Jaquet. Aikidoka assidu du Dojo de Gr\u00e2ces (22), il devient rapidement l\u2019assistant du professeur, et suit de nombreux stages aupr\u00e8s d&rsquo;A. Peyrache en France et \u00e0 l\u2019\u00e9tranger pour se perfectionner (Belgique, Canada, Pays-Bas). Reprend le poste de professeur [&hellip;]<\/p>\n","protected":false},"author":1,"featured_media":0,"parent":0,"menu_order":2,"comment_status":"closed","ping_status":"closed","template":"","meta":{"footnotes":""},"class_list":["post-20","page","type-page","status-publish","hentry"],"_links":{"self":[{"href":"https:\/\/www.aikido-guermantes.fr\/index.php\/wp-json\/wp\/v2\/pages\/20","targetHints":{"allow":["GET"]}}],"collection":[{"href":"https:\/\/www.aikido-guermantes.fr\/index.php\/wp-json\/wp\/v2\/pages"}],"about":[{"href":"https:\/\/www.aikido-guermantes.fr\/index.php\/wp-json\/wp\/v2\/types\/page"}],"author":[{"embeddable":true,"href":"https:\/\/www.aikido-guermantes.fr\/index.php\/wp-json\/wp\/v2\/users\/1"}],"replies":[{"embeddable":true,"href":"https:\/\/www.aikido-guermantes.fr\/index.php\/wp-json\/wp\/v2\/comments?post=20"}],"version-history":[{"count":6,"href":"https:\/\/www.aikido-guermantes.fr\/index.php\/wp-json\/wp\/v2\/pages\/20\/revisions"}],"predecessor-version":[{"id":159,"href":"https:\/\/www.aikido-guermantes.fr\/index.php\/wp-json\/wp\/v2\/pages\/20\/revisions\/159"}],"wp:attachment":[{"href":"https:\/\/www.aikido-guermantes.fr\/index.php\/wp-json\/wp\/v2\/media?parent=20"}],"curies":[{"name":"wp","href":"https:\/\/api.w.org\/{rel}","templated":true}]}}